{"id":20,"date":"2025-01-20T17:15:22","date_gmt":"2025-01-20T16:15:22","guid":{"rendered":"http:\/\/chambery-syndic.fr\/?page_id=20"},"modified":"2025-08-27T18:02:56","modified_gmt":"2025-08-27T16:02:56","slug":"accueil","status":"publish","type":"page","link":"https:\/\/chambery-syndic.fr\/","title":{"rendered":""},"content":{"rendered":"<h1 style=\"text-align: center;\"><strong><span style=\"font-size: 36pt; font-family: arial, helvetica, sans-serif;\">CHAMBERY SYNDIC<\/span><\/strong><\/h1>\n<h2 style=\", sans-serif;font-style: normal; font-weight: 600; text-align: center;\" data-elementor-setting-key=\"title\" data-pen-placeholder=\"\u00c9crivez ici...\"><span style=\"font-size: 24pt; font-family: arial, helvetica, sans-serif;\">Administration, Conseil, Gestion<\/span><\/h2>\n\n\n<div class=\"wp-block-columns is-layout-flex wp-container-core-columns-is-layout-9d6595d7 wp-block-columns-is-layout-flex\">\n<div class=\"wp-block-column is-layout-flow wp-block-column-is-layout-flow\" style=\"flex-basis:10%\"><\/div>\n\n\n\n<div class=\"wp-block-column is-layout-flow wp-block-column-is-layout-flow\" style=\"flex-basis:40%\"><\/div>\n\n\n\n<div class=\"wp-block-column is-layout-flow wp-block-column-is-layout-flow\" style=\"flex-basis:40px\"><\/div>\n\n\n\n<div class=\"wp-block-column is-layout-flow wp-block-column-is-layout-flow\" style=\"flex-basis:10%\"><\/div>\n<\/div>\n\n\n\n<div class=\"wp-block-columns alignwide is-layout-flex wp-container-core-columns-is-layout-829b1d53 wp-block-columns-is-layout-flex\" style=\"margin-bottom:0\">\n<div class=\"wp-block-column has-white-color has-vivid-red-background-color has-text-color has-background has-link-color wp-elements-2eae43b478bfdbe8dd7f11ddcfc29cfc is-layout-flow wp-block-column-is-layout-flow\" style=\"padding-top:2em;padding-right:2em;padding-bottom:2em;padding-left:2em\">\n<h1 style=\"text-align: center;\"><span style=\"font-family: arial, helvetica, sans-serif; font-size: 24pt; color: #ffffff;\">Je suis copropri\u00e9taire<\/span><\/h1>\n\n\n\n<h2><span style=\"color: #ffffff;\">Acc\u00e9der \u00e0 mon espace client, c&rsquo;est :<\/span><\/h2>\n\n\n\n<hr class=\"wp-block-separator has-text-color has-css-opacity has-background is-style-wide\" style=\"background-color:#000000;color:#000000\"\/>\n\n\n\n<ul>\n<li style=\"text-align: justify;\"><span style=\"font-family: arial, helvetica, sans-serif; font-size: 12pt;\">Trouver les documents de gestion de ma r\u00e9sidence<\/span><\/li>\n<li style=\"text-align: justify;\"><span style=\"font-family: arial, helvetica, sans-serif; font-size: 12pt;\">D\u00e9clarer et suivre un dossier ou un incident<\/span><\/li>\n<li style=\"text-align: justify;\"><span style=\"font-family: arial, helvetica, sans-serif; font-size: 12pt;\">Mettre en place mes virements et pr\u00e9l\u00e8vements automatiques<\/span><\/li>\n<li style=\"text-align: justify;\"><span style=\"font-family: arial, helvetica, sans-serif; font-size: 12pt;\">Participer \u00e0 mes Assembl\u00e9es G\u00e9n\u00e9rales<\/span><\/li>\n<\/ul>\n\n\n\n<div class=\"wp-block-buttons alignfull is-horizontal is-content-justification-center is-layout-flex wp-container-core-buttons-is-layout-499968f5 wp-block-buttons-is-layout-flex\">\n<div class=\"wp-block-button has-custom-width wp-block-button__width-100\"><a class=\"wp-block-button__link has-white-color has-text-color has-background no-border-radius wp-element-button\" href=\"https:\/\/gimiweb.gimicloud.fr\/identity\/index\/bVV3S3czSkVWQjRHU0xISFNQTlJKZz09OjrExKaakFgh6UoVJf5kLC7D\" style=\"background-color:#000000\"><strong>Je me connecte<\/strong><\/a><\/div>\n<\/div>\n<\/div>\n\n\n\n<div class=\"wp-block-column has-cyan-bluish-gray-background-color has-text-color has-background has-link-color wp-elements-dab9b530908e1168f00311e7dd8cb3af is-layout-flow wp-block-column-is-layout-flow\" style=\"color:#000000;padding-top:2em;padding-right:2em;padding-bottom:2em;padding-left:2em\">\n<h1 class=\"wp-block-heading has-text-align-center\"><span style=\"font-family: arial, helvetica, sans-serif; font-size: 24pt;\">Changer de Syndic<\/span><\/h1>\n\n\n\n<h2><span style=\"font-family: arial, helvetica, sans-serif;\">Nous rejoindre, c&rsquo;est :<\/span><\/h2>\n\n\n\n<hr class=\"wp-block-separator has-text-color has-css-opacity has-background is-style-wide\" style=\"background-color:#000000;color:#000000\"\/>\n\n\n\n<ul>\n<li style=\"text-align: justify;\"><span style=\"font-family: arial, helvetica, sans-serif; font-size: 12pt;\">Une expertise administrative et juridique rigoureuse<\/span><\/li>\n<li style=\"text-align: justify;\"><span style=\"font-family: arial, helvetica, sans-serif; font-size: 12pt;\">Un suivi comptable et financier transparent<\/span><\/li>\n<li style=\"text-align: justify;\"><span style=\"font-family: arial, helvetica, sans-serif; font-size: 12pt;\">Des comp\u00e9tences techniques et une pr\u00e9sence sur site<\/span><\/li>\n<li><span style=\"font-family: arial, helvetica, sans-serif; font-size: 12pt;\">Une individualisation des demandes<\/span><\/li>\n<\/ul>\n\n\n\n<div class=\"wp-block-buttons alignfull is-horizontal is-content-justification-center is-layout-flex wp-container-core-buttons-is-layout-499968f5 wp-block-buttons-is-layout-flex\">\n<div class=\"wp-block-button has-custom-width wp-block-button__width-100\"><a class=\"wp-block-button__link has-white-color has-text-color has-background no-border-radius wp-element-button\" href=\"https:\/\/chambery-syndic.fr\/?page_id=249\" style=\"background-color:#000000\"><strong>Je souhaite un devis<\/strong><\/a><\/div>\n<\/div>\n<\/div>\n<\/div>\n\n\n<h2>\u00a0<\/h2>\n<h2 style=\"text-align: center;\"><span style=\"text-decoration: underline;\"><span style=\"font-family: arial, helvetica, sans-serif;\">Informations pratiques<\/span><\/span><\/h2>\n<table style=\"border-collapse: collapse; width: 100%; height: 256px;\">\n<tbody>\n<tr style=\"height: 256px;\">\n<td style=\"width: 50%; height: 256px;\">\n<p><span style=\"text-decoration: underline; font-family: arial, helvetica, sans-serif; font-size: 12pt;\"><strong>Nous contacter :<\/strong><\/span><\/p>\n<p><span style=\"font-family: arial, helvetica, sans-serif; font-size: 12pt;\">Mail : <a href=\"mailto:contact@chambery-syndic.fr\">contact@chambery-syndic.fr<\/a><\/span><br \/><span style=\"font-family: arial, helvetica, sans-serif; font-size: 12pt;\">T\u00e9l : <a href=\"tel:0479287106\">04.79.28.71.06<\/a><\/span><\/p>\n<p><span style=\"font-family: arial, helvetica, sans-serif; font-size: 12pt;\"><span style=\"text-decoration: underline;\"><strong>Nos horaires<em>\u00a0:<\/em><br \/><\/strong><\/span><br \/>Lundi : 9h-12h 14h &#8211; 17h<br \/>Du mardi au vendredi : 9h &#8211; 12h<br \/>Apr\u00e8s-midi sur rendez-vous uniquement<\/span><\/p>\n<\/td>\n<td style=\"width: 50%; height: 256px;\">\n<p><span style=\"font-family: arial, helvetica, sans-serif; font-size: 12pt;\"><span style=\"text-decoration: underline;\"><strong>Nous trouver :<\/strong><\/span> <br \/>2 rue Claude Martin &#8211; 73000 CHAMBERY<\/span><\/p>\n<p><iframe title=\"2 rue claude martin 73000 Chambery\" src=\"https:\/\/maps.google.com\/maps?q=2%20rue%20claude%20martin%2073000%20Chambery&amp;t=m&amp;z=10&amp;output=embed&amp;iwloc=near\" aria-label=\"2 rue claude martin 73000 Chambery\" data-mce-fragment=\"1\"><\/iframe><\/p>\n<\/td>\n<\/tr>\n<\/tbody>\n<\/table>","protected":false},"excerpt":{"rendered":"<p>CHAMBERY SYNDIC Administration, Conseil, Gestion Je suis copropri\u00e9taire Acc\u00e9der \u00e0 mon espace client, c&rsquo;est : Trouver les documents de gestion de ma r\u00e9sidence D\u00e9clarer et suivre un dossier ou un incident Mettre en place mes virements et pr\u00e9l\u00e8vements automatiques Participer \u00e0 mes Assembl\u00e9es G\u00e9n\u00e9rales Changer de Syndic Nous rejoindre, c&rsquo;est : Une expertise administrative et [&hellip;]<\/p>\n","protected":false},"author":1,"featured_media":0,"parent":0,"menu_order":0,"comment_status":"closed","ping_status":"closed","template":"","meta":{"footnotes":""},"class_list":["post-20","page","type-page","status-publish","hentry","entry"],"yoast_head":"<!-- This site is optimized with the Yoast SEO plugin v24.3 - https:\/\/yoast.com\/wordpress\/plugins\/seo\/ -->\n<title>Chamb\u00e9ry Syndic | Syndic de Copropri\u00e9t\u00e9<\/title>\n<meta name=\"description\" content=\"Syndic de copropri\u00e9t\u00e9 | Aix-les-Bains, Chamb\u00e9ry et Montagnes | contact@chambery-syndic.fr\" \/>\n<meta name=\"robots\" content=\"index, follow, max-snippet:-1, max-image-preview:large, max-video-preview:-1\" \/>\n<link rel=\"canonical\" href=\"https:\/\/chambery-syndic.fr\/\" \/>\n<meta property=\"og:locale\" content=\"fr_FR\" \/>\n<meta property=\"og:type\" content=\"article\" \/>\n<meta property=\"og:title\" content=\"Chamb\u00e9ry Syndic | Syndic de Copropri\u00e9t\u00e9\" \/>\n<meta property=\"og:description\" content=\"Syndic de copropri\u00e9t\u00e9 | Aix-les-Bains, Chamb\u00e9ry et Montagnes | contact@chambery-syndic.fr\" \/>\n<meta property=\"og:url\" content=\"https:\/\/chambery-syndic.fr\/\" \/>\n<meta property=\"article:modified_time\" content=\"2025-08-27T16:02:56+00:00\" \/>\n<meta name=\"twitter:card\" content=\"summary_large_image\" \/>\n<meta name=\"twitter:label1\" content=\"Dur\u00e9e de lecture estim\u00e9e\" \/>\n\t<meta name=\"twitter:data1\" content=\"1 minute\" \/>\n<script type=\"application\/ld+json\" class=\"yoast-schema-graph\">{\"@context\":\"https:\/\/schema.org\",\"@graph\":[{\"@type\":\"WebPage\",\"@id\":\"https:\/\/chambery-syndic.fr\/\",\"url\":\"https:\/\/chambery-syndic.fr\/\",\"name\":\"Chamb\u00e9ry Syndic | Syndic de Copropri\u00e9t\u00e9\",\"isPartOf\":{\"@id\":\"https:\/\/chambery-syndic.fr\/#website\"},\"datePublished\":\"2025-01-20T16:15:22+00:00\",\"dateModified\":\"2025-08-27T16:02:56+00:00\",\"description\":\"Syndic de copropri\u00e9t\u00e9 | Aix-les-Bains, Chamb\u00e9ry et Montagnes | contact@chambery-syndic.fr\",\"inLanguage\":\"fr-FR\",\"potentialAction\":[{\"@type\":\"ReadAction\",\"target\":[\"https:\/\/chambery-syndic.fr\/\"]}]},{\"@type\":\"WebSite\",\"@id\":\"https:\/\/chambery-syndic.fr\/#website\",\"url\":\"https:\/\/chambery-syndic.fr\/\",\"name\":\"Chambery Syndic\",\"description\":\"Chamb\u00e9ry Syndic, proche de vous\",\"publisher\":{\"@id\":\"https:\/\/chambery-syndic.fr\/#organization\"},\"potentialAction\":[{\"@type\":\"SearchAction\",\"target\":{\"@type\":\"EntryPoint\",\"urlTemplate\":\"https:\/\/chambery-syndic.fr\/?s={search_term_string}\"},\"query-input\":{\"@type\":\"PropertyValueSpecification\",\"valueRequired\":true,\"valueName\":\"search_term_string\"}}],\"inLanguage\":\"fr-FR\"},{\"@type\":\"Organization\",\"@id\":\"https:\/\/chambery-syndic.fr\/#organization\",\"name\":\"E&E Immo\",\"url\":\"https:\/\/chambery-syndic.fr\/\",\"logo\":{\"@type\":\"ImageObject\",\"inLanguage\":\"fr-FR\",\"@id\":\"https:\/\/chambery-syndic.fr\/#\/schema\/logo\/image\/\",\"url\":\"https:\/\/chambery-syndic.fr\/wp-content\/uploads\/2025\/01\/cropped-cropped-Chambery-Syndic-Logo.png\",\"contentUrl\":\"https:\/\/chambery-syndic.fr\/wp-content\/uploads\/2025\/01\/cropped-cropped-Chambery-Syndic-Logo.png\",\"width\":420,\"height\":160,\"caption\":\"E&E Immo\"},\"image\":{\"@id\":\"https:\/\/chambery-syndic.fr\/#\/schema\/logo\/image\/\"}}]}<\/script>\n<!-- \/ Yoast SEO plugin. -->","yoast_head_json":{"title":"Chamb\u00e9ry Syndic | Syndic de Copropri\u00e9t\u00e9","description":"Syndic de copropri\u00e9t\u00e9 | Aix-les-Bains, Chamb\u00e9ry et Montagnes | contact@chambery-syndic.fr","robots":{"index":"index","follow":"follow","max-snippet":"max-snippet:-1","max-image-preview":"max-image-preview:large","max-video-preview":"max-video-preview:-1"},"canonical":"https:\/\/chambery-syndic.fr\/","og_locale":"fr_FR","og_type":"article","og_title":"Chamb\u00e9ry Syndic | Syndic de Copropri\u00e9t\u00e9","og_description":"Syndic de copropri\u00e9t\u00e9 | Aix-les-Bains, Chamb\u00e9ry et Montagnes | contact@chambery-syndic.fr","og_url":"https:\/\/chambery-syndic.fr\/","article_modified_time":"2025-08-27T16:02:56+00:00","twitter_card":"summary_large_image","twitter_misc":{"Dur\u00e9e de lecture estim\u00e9e":"1 minute"},"schema":{"@context":"https:\/\/schema.org","@graph":[{"@type":"WebPage","@id":"https:\/\/chambery-syndic.fr\/","url":"https:\/\/chambery-syndic.fr\/","name":"Chamb\u00e9ry Syndic | Syndic de Copropri\u00e9t\u00e9","isPartOf":{"@id":"https:\/\/chambery-syndic.fr\/#website"},"datePublished":"2025-01-20T16:15:22+00:00","dateModified":"2025-08-27T16:02:56+00:00","description":"Syndic de copropri\u00e9t\u00e9 | Aix-les-Bains, Chamb\u00e9ry et Montagnes | contact@chambery-syndic.fr","inLanguage":"fr-FR","potentialAction":[{"@type":"ReadAction","target":["https:\/\/chambery-syndic.fr\/"]}]},{"@type":"WebSite","@id":"https:\/\/chambery-syndic.fr\/#website","url":"https:\/\/chambery-syndic.fr\/","name":"Chambery Syndic","description":"Chamb\u00e9ry Syndic, proche de vous","publisher":{"@id":"https:\/\/chambery-syndic.fr\/#organization"},"potentialAction":[{"@type":"SearchAction","target":{"@type":"EntryPoint","urlTemplate":"https:\/\/chambery-syndic.fr\/?s={search_term_string}"},"query-input":{"@type":"PropertyValueSpecification","valueRequired":true,"valueName":"search_term_string"}}],"inLanguage":"fr-FR"},{"@type":"Organization","@id":"https:\/\/chambery-syndic.fr\/#organization","name":"E&E Immo","url":"https:\/\/chambery-syndic.fr\/","logo":{"@type":"ImageObject","inLanguage":"fr-FR","@id":"https:\/\/chambery-syndic.fr\/#\/schema\/logo\/image\/","url":"https:\/\/chambery-syndic.fr\/wp-content\/uploads\/2025\/01\/cropped-cropped-Chambery-Syndic-Logo.png","contentUrl":"https:\/\/chambery-syndic.fr\/wp-content\/uploads\/2025\/01\/cropped-cropped-Chambery-Syndic-Logo.png","width":420,"height":160,"caption":"E&E Immo"},"image":{"@id":"https:\/\/chambery-syndic.fr\/#\/schema\/logo\/image\/"}}]}},"_links":{"self":[{"href":"https:\/\/chambery-syndic.fr\/index.php?rest_route=\/wp\/v2\/pages\/20","targetHints":{"allow":["GET"]}}],"collection":[{"href":"https:\/\/chambery-syndic.fr\/index.php?rest_route=\/wp\/v2\/pages"}],"about":[{"href":"https:\/\/chambery-syndic.fr\/index.php?rest_route=\/wp\/v2\/types\/page"}],"author":[{"embeddable":true,"href":"https:\/\/chambery-syndic.fr\/index.php?rest_route=\/wp\/v2\/users\/1"}],"replies":[{"embeddable":true,"href":"https:\/\/chambery-syndic.fr\/index.php?rest_route=%2Fwp%2Fv2%2Fcomments&post=20"}],"version-history":[{"count":27,"href":"https:\/\/chambery-syndic.fr\/index.php?rest_route=\/wp\/v2\/pages\/20\/revisions"}],"predecessor-version":[{"id":277,"href":"https:\/\/chambery-syndic.fr\/index.php?rest_route=\/wp\/v2\/pages\/20\/revisions\/277"}],"wp:attachment":[{"href":"https:\/\/chambery-syndic.fr\/index.php?rest_route=%2Fwp%2Fv2%2Fmedia&parent=20"}],"curies":[{"name":"wp","href":"https:\/\/api.w.org\/{rel}","templated":true}]}}