{"id":22,"date":"2025-01-20T17:16:06","date_gmt":"2025-01-20T16:16:06","guid":{"rendered":"http:\/\/chambery-syndic.fr\/?page_id=22"},"modified":"2025-01-28T15:58:04","modified_gmt":"2025-01-28T14:58:04","slug":"chambery-syndic","status":"publish","type":"page","link":"https:\/\/chambery-syndic.fr\/?page_id=22","title":{"rendered":"Nos services"},"content":{"rendered":"\n<div class=\"wp-block-columns is-layout-flex wp-container-core-columns-is-layout-9d6595d7 wp-block-columns-is-layout-flex\">\n<div class=\"wp-block-column is-layout-flow wp-block-column-is-layout-flow\" style=\"flex-basis:25%\"><\/div>\n\n\n\n<div class=\"wp-block-column is-layout-flow wp-block-column-is-layout-flow\" style=\"flex-basis:50%\">\n<p style=\"text-align: justify;\"><span style=\"font-family: arial, helvetica, sans-serif; font-size: 10pt;\">La soci\u00e9t\u00e9 E&amp;E IMMO se propose comme sp\u00e9cialiste de l\u2019administration et de la gestion immobili\u00e8re, et comme un syndic de copropri\u00e9t\u00e9 de proximit\u00e9, rayonnant sur la Savoie et ses stations via CHAMBERY SYNDIC.<\/span><\/p>\n<p style=\"text-align: justify;\"><span style=\"font-family: arial, helvetica, sans-serif; font-size: 10pt;\">Install\u00e9e \u00e0 c\u00f4t\u00e9 de la fontaine des El\u00e9phants, dans l\u2019hypercentre de Chamb\u00e9ry \u2013 et dans le voisinage imm\u00e9diat du parking Charles RAVET \u2013 le positionnement de l\u2019entreprise repose sur des principes simples qui sont confiance, rigueur, transparence et proximit\u00e9.<\/span><\/p>\n<p style=\"text-align: justify;\"><span style=\"font-family: arial, helvetica, sans-serif; font-size: 10pt;\">C\u2019est dans le respect de ces r\u00e8gles que les \u00e9quipes de CHAMBERY SYNDIC, si elles sont mandat\u00e9es par une copropri\u00e9t\u00e9, \u0153uvreront toujours \u00e0 travailler avec les personnes qui la compose, dans le respect des r\u00e8gles de l\u2019art, et du droit.<\/span><\/p>\n<p style=\"text-align: justify;\"><span style=\"font-family: arial, helvetica, sans-serif; font-size: 10pt;\">Dans le cadre d\u2019un parfait suivi et d\u2019un service toujours plus proche de vous, tous les dossiers propos\u00e9s sont instruits avec la plus grande attention.<\/span><\/p>\n<\/div>\n<\/div>\n\n\n<p style=\"text-align: center;\"><strong><span style=\"font-family: arial, helvetica, sans-serif; font-size: 10pt;\">Un conseil, une demande, un devis<\/span><\/strong><\/p>\n\n\n<div class=\"wp-block-group alignfull has-text-color has-background\" style=\"color:#000000;background-color:#ffffff\"><div class=\"wp-block-group__inner-container is-layout-flow wp-block-group-is-layout-flow\">\n<div class=\"wp-block-buttons is-horizontal is-content-justification-center is-layout-flex wp-container-core-buttons-is-layout-499968f5 wp-block-buttons-is-layout-flex\">\n<div class=\"wp-block-button has-custom-width wp-block-button__width-50\"><a class=\"wp-block-button__link has-text-color has-background wp-element-button\" href=\"https:\/\/chambery-syndic.fr\/?page_id=249\" style=\"border-radius:50px;color:#ffffff;background-color:#000000\"><strong>CONTACTEZ-NOUS<\/strong><\/a><\/div>\n<\/div>\n<\/div><\/div>\n","protected":false},"excerpt":{"rendered":"<p>La soci\u00e9t\u00e9 E&amp;E IMMO se propose comme sp\u00e9cialiste de l\u2019administration et de la gestion immobili\u00e8re, et comme un syndic de copropri\u00e9t\u00e9 de proximit\u00e9, rayonnant sur la Savoie et ses stations via CHAMBERY SYNDIC. Install\u00e9e \u00e0 c\u00f4t\u00e9 de la fontaine des El\u00e9phants, dans l\u2019hypercentre de Chamb\u00e9ry \u2013 et dans le voisinage imm\u00e9diat du parking Charles RAVET [&hellip;]<\/p>\n","protected":false},"author":1,"featured_media":0,"parent":0,"menu_order":0,"comment_status":"closed","ping_status":"closed","template":"","meta":{"footnotes":""},"class_list":["post-22","page","type-page","status-publish","hentry","entry"],"yoast_head":"<!-- This site is optimized with the Yoast SEO plugin v24.3 - https:\/\/yoast.com\/wordpress\/plugins\/seo\/ -->\n<title>Nos services -<\/title>\n<meta name=\"description\" content=\"Syndic coprorpi\u00e9t\u00e9 alpes montagnes\" \/>\n<meta name=\"robots\" content=\"index, follow, max-snippet:-1, max-image-preview:large, max-video-preview:-1\" \/>\n<link rel=\"canonical\" href=\"https:\/\/chambery-syndic.fr\/?page_id=22\" \/>\n<meta property=\"og:locale\" content=\"fr_FR\" \/>\n<meta property=\"og:type\" content=\"article\" \/>\n<meta property=\"og:title\" content=\"Nos services -\" \/>\n<meta property=\"og:description\" content=\"Syndic coprorpi\u00e9t\u00e9 alpes montagnes\" \/>\n<meta property=\"og:url\" content=\"https:\/\/chambery-syndic.fr\/?page_id=22\" \/>\n<meta property=\"article:modified_time\" content=\"2025-01-28T14:58:04+00:00\" \/>\n<meta name=\"twitter:card\" content=\"summary_large_image\" \/>\n<meta name=\"twitter:label1\" content=\"Dur\u00e9e de lecture estim\u00e9e\" \/>\n\t<meta name=\"twitter:data1\" content=\"1 minute\" \/>\n<script type=\"application\/ld+json\" class=\"yoast-schema-graph\">{\"@context\":\"https:\/\/schema.org\",\"@graph\":[{\"@type\":\"WebPage\",\"@id\":\"https:\/\/chambery-syndic.fr\/?page_id=22\",\"url\":\"https:\/\/chambery-syndic.fr\/?page_id=22\",\"name\":\"Nos services -\",\"isPartOf\":{\"@id\":\"https:\/\/chambery-syndic.fr\/#website\"},\"datePublished\":\"2025-01-20T16:16:06+00:00\",\"dateModified\":\"2025-01-28T14:58:04+00:00\",\"description\":\"Syndic coprorpi\u00e9t\u00e9 alpes montagnes\",\"breadcrumb\":{\"@id\":\"https:\/\/chambery-syndic.fr\/?page_id=22#breadcrumb\"},\"inLanguage\":\"fr-FR\",\"potentialAction\":[{\"@type\":\"ReadAction\",\"target\":[\"https:\/\/chambery-syndic.fr\/?page_id=22\"]}]},{\"@type\":\"BreadcrumbList\",\"@id\":\"https:\/\/chambery-syndic.fr\/?page_id=22#breadcrumb\",\"itemListElement\":[{\"@type\":\"ListItem\",\"position\":1,\"name\":\"Accueil\",\"item\":\"https:\/\/chambery-syndic.fr\/\"},{\"@type\":\"ListItem\",\"position\":2,\"name\":\"Nos services\"}]},{\"@type\":\"WebSite\",\"@id\":\"https:\/\/chambery-syndic.fr\/#website\",\"url\":\"https:\/\/chambery-syndic.fr\/\",\"name\":\"Chambery Syndic\",\"description\":\"Chamb\u00e9ry Syndic, proche de vous\",\"publisher\":{\"@id\":\"https:\/\/chambery-syndic.fr\/#organization\"},\"potentialAction\":[{\"@type\":\"SearchAction\",\"target\":{\"@type\":\"EntryPoint\",\"urlTemplate\":\"https:\/\/chambery-syndic.fr\/?s={search_term_string}\"},\"query-input\":{\"@type\":\"PropertyValueSpecification\",\"valueRequired\":true,\"valueName\":\"search_term_string\"}}],\"inLanguage\":\"fr-FR\"},{\"@type\":\"Organization\",\"@id\":\"https:\/\/chambery-syndic.fr\/#organization\",\"name\":\"E&E Immo\",\"url\":\"https:\/\/chambery-syndic.fr\/\",\"logo\":{\"@type\":\"ImageObject\",\"inLanguage\":\"fr-FR\",\"@id\":\"https:\/\/chambery-syndic.fr\/#\/schema\/logo\/image\/\",\"url\":\"https:\/\/chambery-syndic.fr\/wp-content\/uploads\/2025\/01\/cropped-cropped-Chambery-Syndic-Logo.png\",\"contentUrl\":\"https:\/\/chambery-syndic.fr\/wp-content\/uploads\/2025\/01\/cropped-cropped-Chambery-Syndic-Logo.png\",\"width\":420,\"height\":160,\"caption\":\"E&E Immo\"},\"image\":{\"@id\":\"https:\/\/chambery-syndic.fr\/#\/schema\/logo\/image\/\"}}]}<\/script>\n<!-- \/ Yoast SEO plugin. -->","yoast_head_json":{"title":"Nos services -","description":"Syndic coprorpi\u00e9t\u00e9 alpes montagnes","robots":{"index":"index","follow":"follow","max-snippet":"max-snippet:-1","max-image-preview":"max-image-preview:large","max-video-preview":"max-video-preview:-1"},"canonical":"https:\/\/chambery-syndic.fr\/?page_id=22","og_locale":"fr_FR","og_type":"article","og_title":"Nos services -","og_description":"Syndic coprorpi\u00e9t\u00e9 alpes montagnes","og_url":"https:\/\/chambery-syndic.fr\/?page_id=22","article_modified_time":"2025-01-28T14:58:04+00:00","twitter_card":"summary_large_image","twitter_misc":{"Dur\u00e9e de lecture estim\u00e9e":"1 minute"},"schema":{"@context":"https:\/\/schema.org","@graph":[{"@type":"WebPage","@id":"https:\/\/chambery-syndic.fr\/?page_id=22","url":"https:\/\/chambery-syndic.fr\/?page_id=22","name":"Nos services -","isPartOf":{"@id":"https:\/\/chambery-syndic.fr\/#website"},"datePublished":"2025-01-20T16:16:06+00:00","dateModified":"2025-01-28T14:58:04+00:00","description":"Syndic coprorpi\u00e9t\u00e9 alpes montagnes","breadcrumb":{"@id":"https:\/\/chambery-syndic.fr\/?page_id=22#breadcrumb"},"inLanguage":"fr-FR","potentialAction":[{"@type":"ReadAction","target":["https:\/\/chambery-syndic.fr\/?page_id=22"]}]},{"@type":"BreadcrumbList","@id":"https:\/\/chambery-syndic.fr\/?page_id=22#breadcrumb","itemListElement":[{"@type":"ListItem","position":1,"name":"Accueil","item":"https:\/\/chambery-syndic.fr\/"},{"@type":"ListItem","position":2,"name":"Nos services"}]},{"@type":"WebSite","@id":"https:\/\/chambery-syndic.fr\/#website","url":"https:\/\/chambery-syndic.fr\/","name":"Chambery Syndic","description":"Chamb\u00e9ry Syndic, proche de vous","publisher":{"@id":"https:\/\/chambery-syndic.fr\/#organization"},"potentialAction":[{"@type":"SearchAction","target":{"@type":"EntryPoint","urlTemplate":"https:\/\/chambery-syndic.fr\/?s={search_term_string}"},"query-input":{"@type":"PropertyValueSpecification","valueRequired":true,"valueName":"search_term_string"}}],"inLanguage":"fr-FR"},{"@type":"Organization","@id":"https:\/\/chambery-syndic.fr\/#organization","name":"E&E Immo","url":"https:\/\/chambery-syndic.fr\/","logo":{"@type":"ImageObject","inLanguage":"fr-FR","@id":"https:\/\/chambery-syndic.fr\/#\/schema\/logo\/image\/","url":"https:\/\/chambery-syndic.fr\/wp-content\/uploads\/2025\/01\/cropped-cropped-Chambery-Syndic-Logo.png","contentUrl":"https:\/\/chambery-syndic.fr\/wp-content\/uploads\/2025\/01\/cropped-cropped-Chambery-Syndic-Logo.png","width":420,"height":160,"caption":"E&E Immo"},"image":{"@id":"https:\/\/chambery-syndic.fr\/#\/schema\/logo\/image\/"}}]}},"_links":{"self":[{"href":"https:\/\/chambery-syndic.fr\/index.php?rest_route=\/wp\/v2\/pages\/22","targetHints":{"allow":["GET"]}}],"collection":[{"href":"https:\/\/chambery-syndic.fr\/index.php?rest_route=\/wp\/v2\/pages"}],"about":[{"href":"https:\/\/chambery-syndic.fr\/index.php?rest_route=\/wp\/v2\/types\/page"}],"author":[{"embeddable":true,"href":"https:\/\/chambery-syndic.fr\/index.php?rest_route=\/wp\/v2\/users\/1"}],"replies":[{"embeddable":true,"href":"https:\/\/chambery-syndic.fr\/index.php?rest_route=%2Fwp%2Fv2%2Fcomments&post=22"}],"version-history":[{"count":17,"href":"https:\/\/chambery-syndic.fr\/index.php?rest_route=\/wp\/v2\/pages\/22\/revisions"}],"predecessor-version":[{"id":267,"href":"https:\/\/chambery-syndic.fr\/index.php?rest_route=\/wp\/v2\/pages\/22\/revisions\/267"}],"wp:attachment":[{"href":"https:\/\/chambery-syndic.fr\/index.php?rest_route=%2Fwp%2Fv2%2Fmedia&parent=22"}],"curies":[{"name":"wp","href":"https:\/\/api.w.org\/{rel}","templated":true}]}}