{"id":24,"date":"2025-01-20T17:16:55","date_gmt":"2025-01-20T16:16:55","guid":{"rendered":"http:\/\/chambery-syndic.fr\/?page_id=24"},"modified":"2025-01-28T15:30:29","modified_gmt":"2025-01-28T14:30:29","slug":"chambery-syndic-%ef%bd%9ca-propos","status":"publish","type":"page","link":"https:\/\/chambery-syndic.fr\/?page_id=24","title":{"rendered":"\u00c0 propos"},"content":{"rendered":"\n<div class=\"wp-block-columns is-layout-flex wp-container-core-columns-is-layout-9d6595d7 wp-block-columns-is-layout-flex\">\n<div class=\"wp-block-column is-layout-flow wp-block-column-is-layout-flow\" style=\"flex-basis:25%\"><\/div>\n\n\n\n<div class=\"wp-block-column is-layout-flow wp-block-column-is-layout-flow\" style=\"flex-basis:50%\">\n<div class=\"wp-block-group\">\n<div class=\"wp-block-group__inner-container is-layout-constrained wp-block-group-is-layout-constrained\" style=\"text-align: justify;\"><span style=\"font-size: 10pt;\">CHAMBERY SYNDIC est une marque de l\u2019entreprise E&amp;E IMMO, n\u00e9e de la rencontre entre ses deux dirigeants, Emeric et Edouard, experts copropri\u00e9t\u00e9 et immobilier.<\/span><\/div>\n<\/div>\n<p style=\"text-align: justify;\"><span style=\"font-size: 10pt;\">La cr\u00e9ation de la structure est avant tout un miroir des \u00e9volutions de la Copropri\u00e9t\u00e9 : les copropri\u00e9taires font face \u00e0 un mur de r\u00e9glementations, tant administratives que techniques, et les principes l\u00e9gaux peuvent \u00eatre ressentis comme au mieux compliqu\u00e9s, au pire punitifs.<\/span><\/p>\n<p style=\"text-align: justify;\"><span style=\"font-size: 10pt;\">Tous deux form\u00e9s en droit, Emeric et Edouard peuvent tirer parti d\u2019une expertise cumul\u00e9e de plus de 25 ans dans les m\u00e9tiers de l\u2019immobilier et, c\u2019est fort de comp\u00e9tences crois\u00e9es en comptabilit\u00e9 et finance, juridique et technique, que E&amp;E IMMO se propose de prendre de la hauteur, et d\u2019appr\u00e9hender la gestion de copropri\u00e9t\u00e9 comme de la gestion de patrimoine.<\/span><\/p>\n<p style=\"text-align: justify;\"><span style=\"font-size: 10pt;\">L\u2019entreprise est sp\u00e9cialis\u00e9e dans l\u2019administration et la gestion d\u2019immeubles collectifs. B\u00e9n\u00e9ficiant d\u2019une expertise unique en gestion de grandes r\u00e9sidences, d\u2019immobilier d\u2019exceptions et d\u2019un attrait pour la montagne, l\u2019ensemble du spectre de la gestion de copropri\u00e9t\u00e9 est couvert par des gestionnaires sp\u00e9cialis\u00e9s qui sauront r\u00e9pondre \u00e0 toutes vos demandes : habitation, tertiaire et r\u00e9sidence de tourisme.<\/span><\/p>\n<\/div>\n\n\n\n<div class=\"wp-block-column is-layout-flow wp-block-column-is-layout-flow\" style=\"flex-basis:25%\"><\/div>\n<\/div>\n\n\n\n<p><\/p>\n","protected":false},"excerpt":{"rendered":"<p>CHAMBERY SYNDIC est une marque de l\u2019entreprise E&amp;E IMMO, n\u00e9e de la rencontre entre ses deux dirigeants, Emeric et Edouard, experts copropri\u00e9t\u00e9 et immobilier. La cr\u00e9ation de la structure est avant tout un miroir des \u00e9volutions de la Copropri\u00e9t\u00e9 : les copropri\u00e9taires font face \u00e0 un mur de r\u00e9glementations, tant administratives que techniques, et les [&hellip;]<\/p>\n","protected":false},"author":1,"featured_media":0,"parent":0,"menu_order":0,"comment_status":"closed","ping_status":"closed","template":"","meta":{"footnotes":""},"class_list":["post-24","page","type-page","status-publish","hentry","entry"],"yoast_head":"<!-- This site is optimized with the Yoast SEO plugin v24.3 - https:\/\/yoast.com\/wordpress\/plugins\/seo\/ -->\n<title>\u00c0 propos -<\/title>\n<meta name=\"description\" content=\"La cr\u00e9ation de E&amp;E IMMO, et la vision de ses fondateurs via CHAMBERY SYNDIC pour la copropri\u00e9t\u00e9 : le renouveau de la gestion de patrimoine.\" \/>\n<meta name=\"robots\" content=\"index, follow, max-snippet:-1, max-image-preview:large, max-video-preview:-1\" \/>\n<link rel=\"canonical\" href=\"https:\/\/chambery-syndic.fr\/?page_id=24\" \/>\n<meta property=\"og:locale\" content=\"fr_FR\" \/>\n<meta property=\"og:type\" content=\"article\" \/>\n<meta property=\"og:title\" content=\"\u00c0 propos -\" \/>\n<meta property=\"og:description\" content=\"La cr\u00e9ation de E&amp;E IMMO, et la vision de ses fondateurs via CHAMBERY SYNDIC pour la copropri\u00e9t\u00e9 : le renouveau de la gestion de patrimoine.\" \/>\n<meta property=\"og:url\" content=\"https:\/\/chambery-syndic.fr\/?page_id=24\" \/>\n<meta property=\"article:modified_time\" content=\"2025-01-28T14:30:29+00:00\" \/>\n<meta name=\"twitter:card\" content=\"summary_large_image\" \/>\n<meta name=\"twitter:label1\" content=\"Dur\u00e9e de lecture estim\u00e9e\" \/>\n\t<meta name=\"twitter:data1\" content=\"1 minute\" \/>\n<script type=\"application\/ld+json\" class=\"yoast-schema-graph\">{\"@context\":\"https:\/\/schema.org\",\"@graph\":[{\"@type\":\"WebPage\",\"@id\":\"https:\/\/chambery-syndic.fr\/?page_id=24\",\"url\":\"https:\/\/chambery-syndic.fr\/?page_id=24\",\"name\":\"\u00c0 propos -\",\"isPartOf\":{\"@id\":\"https:\/\/chambery-syndic.fr\/#website\"},\"datePublished\":\"2025-01-20T16:16:55+00:00\",\"dateModified\":\"2025-01-28T14:30:29+00:00\",\"description\":\"La cr\u00e9ation de E&E IMMO, et la vision de ses fondateurs via CHAMBERY SYNDIC pour la copropri\u00e9t\u00e9 : le renouveau de la gestion de patrimoine.\",\"breadcrumb\":{\"@id\":\"https:\/\/chambery-syndic.fr\/?page_id=24#breadcrumb\"},\"inLanguage\":\"fr-FR\",\"potentialAction\":[{\"@type\":\"ReadAction\",\"target\":[\"https:\/\/chambery-syndic.fr\/?page_id=24\"]}]},{\"@type\":\"BreadcrumbList\",\"@id\":\"https:\/\/chambery-syndic.fr\/?page_id=24#breadcrumb\",\"itemListElement\":[{\"@type\":\"ListItem\",\"position\":1,\"name\":\"Accueil\",\"item\":\"https:\/\/chambery-syndic.fr\/\"},{\"@type\":\"ListItem\",\"position\":2,\"name\":\"\u00c0 propos\"}]},{\"@type\":\"WebSite\",\"@id\":\"https:\/\/chambery-syndic.fr\/#website\",\"url\":\"https:\/\/chambery-syndic.fr\/\",\"name\":\"Chambery Syndic\",\"description\":\"Chamb\u00e9ry Syndic, proche de vous\",\"publisher\":{\"@id\":\"https:\/\/chambery-syndic.fr\/#organization\"},\"potentialAction\":[{\"@type\":\"SearchAction\",\"target\":{\"@type\":\"EntryPoint\",\"urlTemplate\":\"https:\/\/chambery-syndic.fr\/?s={search_term_string}\"},\"query-input\":{\"@type\":\"PropertyValueSpecification\",\"valueRequired\":true,\"valueName\":\"search_term_string\"}}],\"inLanguage\":\"fr-FR\"},{\"@type\":\"Organization\",\"@id\":\"https:\/\/chambery-syndic.fr\/#organization\",\"name\":\"E&E Immo\",\"url\":\"https:\/\/chambery-syndic.fr\/\",\"logo\":{\"@type\":\"ImageObject\",\"inLanguage\":\"fr-FR\",\"@id\":\"https:\/\/chambery-syndic.fr\/#\/schema\/logo\/image\/\",\"url\":\"https:\/\/chambery-syndic.fr\/wp-content\/uploads\/2025\/01\/cropped-cropped-Chambery-Syndic-Logo.png\",\"contentUrl\":\"https:\/\/chambery-syndic.fr\/wp-content\/uploads\/2025\/01\/cropped-cropped-Chambery-Syndic-Logo.png\",\"width\":420,\"height\":160,\"caption\":\"E&E Immo\"},\"image\":{\"@id\":\"https:\/\/chambery-syndic.fr\/#\/schema\/logo\/image\/\"}}]}<\/script>\n<!-- \/ Yoast SEO plugin. -->","yoast_head_json":{"title":"\u00c0 propos -","description":"La cr\u00e9ation de E&E IMMO, et la vision de ses fondateurs via CHAMBERY SYNDIC pour la copropri\u00e9t\u00e9 : le renouveau de la gestion de patrimoine.","robots":{"index":"index","follow":"follow","max-snippet":"max-snippet:-1","max-image-preview":"max-image-preview:large","max-video-preview":"max-video-preview:-1"},"canonical":"https:\/\/chambery-syndic.fr\/?page_id=24","og_locale":"fr_FR","og_type":"article","og_title":"\u00c0 propos -","og_description":"La cr\u00e9ation de E&E IMMO, et la vision de ses fondateurs via CHAMBERY SYNDIC pour la copropri\u00e9t\u00e9 : le renouveau de la gestion de patrimoine.","og_url":"https:\/\/chambery-syndic.fr\/?page_id=24","article_modified_time":"2025-01-28T14:30:29+00:00","twitter_card":"summary_large_image","twitter_misc":{"Dur\u00e9e de lecture estim\u00e9e":"1 minute"},"schema":{"@context":"https:\/\/schema.org","@graph":[{"@type":"WebPage","@id":"https:\/\/chambery-syndic.fr\/?page_id=24","url":"https:\/\/chambery-syndic.fr\/?page_id=24","name":"\u00c0 propos -","isPartOf":{"@id":"https:\/\/chambery-syndic.fr\/#website"},"datePublished":"2025-01-20T16:16:55+00:00","dateModified":"2025-01-28T14:30:29+00:00","description":"La cr\u00e9ation de E&E IMMO, et la vision de ses fondateurs via CHAMBERY SYNDIC pour la copropri\u00e9t\u00e9 : le renouveau de la gestion de patrimoine.","breadcrumb":{"@id":"https:\/\/chambery-syndic.fr\/?page_id=24#breadcrumb"},"inLanguage":"fr-FR","potentialAction":[{"@type":"ReadAction","target":["https:\/\/chambery-syndic.fr\/?page_id=24"]}]},{"@type":"BreadcrumbList","@id":"https:\/\/chambery-syndic.fr\/?page_id=24#breadcrumb","itemListElement":[{"@type":"ListItem","position":1,"name":"Accueil","item":"https:\/\/chambery-syndic.fr\/"},{"@type":"ListItem","position":2,"name":"\u00c0 propos"}]},{"@type":"WebSite","@id":"https:\/\/chambery-syndic.fr\/#website","url":"https:\/\/chambery-syndic.fr\/","name":"Chambery Syndic","description":"Chamb\u00e9ry Syndic, proche de vous","publisher":{"@id":"https:\/\/chambery-syndic.fr\/#organization"},"potentialAction":[{"@type":"SearchAction","target":{"@type":"EntryPoint","urlTemplate":"https:\/\/chambery-syndic.fr\/?s={search_term_string}"},"query-input":{"@type":"PropertyValueSpecification","valueRequired":true,"valueName":"search_term_string"}}],"inLanguage":"fr-FR"},{"@type":"Organization","@id":"https:\/\/chambery-syndic.fr\/#organization","name":"E&E Immo","url":"https:\/\/chambery-syndic.fr\/","logo":{"@type":"ImageObject","inLanguage":"fr-FR","@id":"https:\/\/chambery-syndic.fr\/#\/schema\/logo\/image\/","url":"https:\/\/chambery-syndic.fr\/wp-content\/uploads\/2025\/01\/cropped-cropped-Chambery-Syndic-Logo.png","contentUrl":"https:\/\/chambery-syndic.fr\/wp-content\/uploads\/2025\/01\/cropped-cropped-Chambery-Syndic-Logo.png","width":420,"height":160,"caption":"E&E Immo"},"image":{"@id":"https:\/\/chambery-syndic.fr\/#\/schema\/logo\/image\/"}}]}},"_links":{"self":[{"href":"https:\/\/chambery-syndic.fr\/index.php?rest_route=\/wp\/v2\/pages\/24","targetHints":{"allow":["GET"]}}],"collection":[{"href":"https:\/\/chambery-syndic.fr\/index.php?rest_route=\/wp\/v2\/pages"}],"about":[{"href":"https:\/\/chambery-syndic.fr\/index.php?rest_route=\/wp\/v2\/types\/page"}],"author":[{"embeddable":true,"href":"https:\/\/chambery-syndic.fr\/index.php?rest_route=\/wp\/v2\/users\/1"}],"replies":[{"embeddable":true,"href":"https:\/\/chambery-syndic.fr\/index.php?rest_route=%2Fwp%2Fv2%2Fcomments&post=24"}],"version-history":[{"count":14,"href":"https:\/\/chambery-syndic.fr\/index.php?rest_route=\/wp\/v2\/pages\/24\/revisions"}],"predecessor-version":[{"id":261,"href":"https:\/\/chambery-syndic.fr\/index.php?rest_route=\/wp\/v2\/pages\/24\/revisions\/261"}],"wp:attachment":[{"href":"https:\/\/chambery-syndic.fr\/index.php?rest_route=%2Fwp%2Fv2%2Fmedia&parent=24"}],"curies":[{"name":"wp","href":"https:\/\/api.w.org\/{rel}","templated":true}]}}