{"id":36,"date":"2025-01-20T17:31:17","date_gmt":"2025-01-20T16:31:17","guid":{"rendered":"http:\/\/chambery-syndic.fr\/?page_id=36"},"modified":"2025-01-28T15:56:33","modified_gmt":"2025-01-28T14:56:33","slug":"espace-coproprietaire","status":"publish","type":"page","link":"https:\/\/chambery-syndic.fr\/?page_id=36","title":{"rendered":"Espace copropri\u00e9taire"},"content":{"rendered":"\n<div class=\"wp-block-columns is-layout-flex wp-container-core-columns-is-layout-9d6595d7 wp-block-columns-is-layout-flex\">\n<div class=\"wp-block-column is-layout-flow wp-block-column-is-layout-flow\" style=\"flex-basis:25%\"><\/div>\n\n\n\n<div class=\"wp-block-column is-layout-flow wp-block-column-is-layout-flow\" style=\"flex-basis:50%\">\n<p style=\"text-align: justify;\"><span style=\"font-family: arial, helvetica, sans-serif; font-size: 10pt;\">L\u2019espace copropri\u00e9taire permet \u00e0 chacun de retrouver les documents obligatoires concernant la gestion de la copropri\u00e9t\u00e9, ou \u00e0 la gestion autonome d&rsquo;une cession &#8211; r\u00e8glement de copropri\u00e9t\u00e9, carnet d&rsquo;entretien et derniers proc\u00e8s-verbaux notamment.<\/span><\/p>\n<p style=\"text-align: justify;\"><span style=\"font-family: arial, helvetica, sans-serif; font-size: 10pt;\">Sont disponibles \u00e9galement les courriers sortants, les appels de fonds, et de nombreuses informations de gestion et technique.<\/span><\/p>\n<p style=\"text-align: justify;\"><span style=\"font-family: arial, helvetica, sans-serif; font-size: 10pt;\">L&rsquo;espace copropri\u00e9taire permet \u00e9galement de d\u00e9clarer un incident ou de suivre un dossier ouvert.<\/span><\/p>\n<p style=\"text-align: justify;\"><span style=\"font-family: arial, helvetica, sans-serif; font-size: 10pt;\">Enfin, il permet de mettre en place les paiements de vos charges par virement ou pr\u00e9l\u00e8vement.<\/span><\/p>\n<\/div>\n\n\n\n<div class=\"wp-block-column is-layout-flow wp-block-column-is-layout-flow\" style=\"flex-basis:25%\"><\/div>\n<\/div>\n\n\n\n<div class=\"wp-block-group alignfull has-text-color has-background\" style=\"color:#000000;background-color:#ffffff\"><div class=\"wp-block-group__inner-container is-layout-flow wp-block-group-is-layout-flow\">\n<div class=\"wp-block-buttons is-horizontal is-content-justification-center is-layout-flex wp-container-core-buttons-is-layout-499968f5 wp-block-buttons-is-layout-flex\">\n<div class=\"wp-block-button has-custom-width wp-block-button__width-50\"><a class=\"wp-block-button__link has-text-color has-background wp-element-button\" href=\"https:\/\/gimiweb.gimicloud.fr\/identity\/index\/bVV3S3czSkVWQjRHU0xISFNQTlJKZz09OjrExKaakFgh6UoVJf5kLC7D\" style=\"border-radius:50px;color:#ffffff;background-color:#000000\"><strong>Je me connecte<\/strong><\/a><\/div>\n<\/div>\n<\/div><\/div>\n","protected":false},"excerpt":{"rendered":"<p>L\u2019espace copropri\u00e9taire permet \u00e0 chacun de retrouver les documents obligatoires concernant la gestion de la copropri\u00e9t\u00e9, ou \u00e0 la gestion autonome d&rsquo;une cession &#8211; r\u00e8glement de copropri\u00e9t\u00e9, carnet d&rsquo;entretien et derniers proc\u00e8s-verbaux notamment. Sont disponibles \u00e9galement les courriers sortants, les appels de fonds, et de nombreuses informations de gestion et technique. L&rsquo;espace copropri\u00e9taire permet \u00e9galement [&hellip;]<\/p>\n","protected":false},"author":1,"featured_media":0,"parent":0,"menu_order":0,"comment_status":"closed","ping_status":"closed","template":"","meta":{"footnotes":""},"class_list":["post-36","page","type-page","status-publish","hentry","entry"],"yoast_head":"<!-- This site is optimized with the Yoast SEO plugin v24.3 - https:\/\/yoast.com\/wordpress\/plugins\/seo\/ -->\n<title>Espace copropri\u00e9taire -<\/title>\n<meta name=\"robots\" content=\"index, follow, max-snippet:-1, max-image-preview:large, max-video-preview:-1\" \/>\n<link rel=\"canonical\" href=\"https:\/\/chambery-syndic.fr\/?page_id=36\" \/>\n<meta property=\"og:locale\" content=\"fr_FR\" \/>\n<meta property=\"og:type\" content=\"article\" \/>\n<meta property=\"og:title\" content=\"Espace copropri\u00e9taire -\" \/>\n<meta property=\"og:description\" content=\"L\u2019espace copropri\u00e9taire permet \u00e0 chacun de retrouver les documents obligatoires concernant la gestion de la copropri\u00e9t\u00e9, ou \u00e0 la gestion autonome d&rsquo;une cession &#8211; r\u00e8glement de copropri\u00e9t\u00e9, carnet d&rsquo;entretien et derniers proc\u00e8s-verbaux notamment. Sont disponibles \u00e9galement les courriers sortants, les appels de fonds, et de nombreuses informations de gestion et technique. L&rsquo;espace copropri\u00e9taire permet \u00e9galement [&hellip;]\" \/>\n<meta property=\"og:url\" content=\"https:\/\/chambery-syndic.fr\/?page_id=36\" \/>\n<meta property=\"article:modified_time\" content=\"2025-01-28T14:56:33+00:00\" \/>\n<meta name=\"twitter:card\" content=\"summary_large_image\" \/>\n<meta name=\"twitter:label1\" content=\"Dur\u00e9e de lecture estim\u00e9e\" \/>\n\t<meta name=\"twitter:data1\" content=\"1 minute\" \/>\n<script type=\"application\/ld+json\" class=\"yoast-schema-graph\">{\"@context\":\"https:\/\/schema.org\",\"@graph\":[{\"@type\":\"WebPage\",\"@id\":\"https:\/\/chambery-syndic.fr\/?page_id=36\",\"url\":\"https:\/\/chambery-syndic.fr\/?page_id=36\",\"name\":\"Espace copropri\u00e9taire -\",\"isPartOf\":{\"@id\":\"https:\/\/chambery-syndic.fr\/#website\"},\"datePublished\":\"2025-01-20T16:31:17+00:00\",\"dateModified\":\"2025-01-28T14:56:33+00:00\",\"breadcrumb\":{\"@id\":\"https:\/\/chambery-syndic.fr\/?page_id=36#breadcrumb\"},\"inLanguage\":\"fr-FR\",\"potentialAction\":[{\"@type\":\"ReadAction\",\"target\":[\"https:\/\/chambery-syndic.fr\/?page_id=36\"]}]},{\"@type\":\"BreadcrumbList\",\"@id\":\"https:\/\/chambery-syndic.fr\/?page_id=36#breadcrumb\",\"itemListElement\":[{\"@type\":\"ListItem\",\"position\":1,\"name\":\"Accueil\",\"item\":\"https:\/\/chambery-syndic.fr\/\"},{\"@type\":\"ListItem\",\"position\":2,\"name\":\"Espace copropri\u00e9taire\"}]},{\"@type\":\"WebSite\",\"@id\":\"https:\/\/chambery-syndic.fr\/#website\",\"url\":\"https:\/\/chambery-syndic.fr\/\",\"name\":\"Chambery Syndic\",\"description\":\"Chamb\u00e9ry Syndic, proche de vous\",\"publisher\":{\"@id\":\"https:\/\/chambery-syndic.fr\/#organization\"},\"potentialAction\":[{\"@type\":\"SearchAction\",\"target\":{\"@type\":\"EntryPoint\",\"urlTemplate\":\"https:\/\/chambery-syndic.fr\/?s={search_term_string}\"},\"query-input\":{\"@type\":\"PropertyValueSpecification\",\"valueRequired\":true,\"valueName\":\"search_term_string\"}}],\"inLanguage\":\"fr-FR\"},{\"@type\":\"Organization\",\"@id\":\"https:\/\/chambery-syndic.fr\/#organization\",\"name\":\"E&E Immo\",\"url\":\"https:\/\/chambery-syndic.fr\/\",\"logo\":{\"@type\":\"ImageObject\",\"inLanguage\":\"fr-FR\",\"@id\":\"https:\/\/chambery-syndic.fr\/#\/schema\/logo\/image\/\",\"url\":\"https:\/\/chambery-syndic.fr\/wp-content\/uploads\/2025\/01\/cropped-cropped-Chambery-Syndic-Logo.png\",\"contentUrl\":\"https:\/\/chambery-syndic.fr\/wp-content\/uploads\/2025\/01\/cropped-cropped-Chambery-Syndic-Logo.png\",\"width\":420,\"height\":160,\"caption\":\"E&E Immo\"},\"image\":{\"@id\":\"https:\/\/chambery-syndic.fr\/#\/schema\/logo\/image\/\"}}]}<\/script>\n<!-- \/ Yoast SEO plugin. -->","yoast_head_json":{"title":"Espace copropri\u00e9taire -","robots":{"index":"index","follow":"follow","max-snippet":"max-snippet:-1","max-image-preview":"max-image-preview:large","max-video-preview":"max-video-preview:-1"},"canonical":"https:\/\/chambery-syndic.fr\/?page_id=36","og_locale":"fr_FR","og_type":"article","og_title":"Espace copropri\u00e9taire -","og_description":"L\u2019espace copropri\u00e9taire permet \u00e0 chacun de retrouver les documents obligatoires concernant la gestion de la copropri\u00e9t\u00e9, ou \u00e0 la gestion autonome d&rsquo;une cession &#8211; r\u00e8glement de copropri\u00e9t\u00e9, carnet d&rsquo;entretien et derniers proc\u00e8s-verbaux notamment. Sont disponibles \u00e9galement les courriers sortants, les appels de fonds, et de nombreuses informations de gestion et technique. L&rsquo;espace copropri\u00e9taire permet \u00e9galement [&hellip;]","og_url":"https:\/\/chambery-syndic.fr\/?page_id=36","article_modified_time":"2025-01-28T14:56:33+00:00","twitter_card":"summary_large_image","twitter_misc":{"Dur\u00e9e de lecture estim\u00e9e":"1 minute"},"schema":{"@context":"https:\/\/schema.org","@graph":[{"@type":"WebPage","@id":"https:\/\/chambery-syndic.fr\/?page_id=36","url":"https:\/\/chambery-syndic.fr\/?page_id=36","name":"Espace copropri\u00e9taire -","isPartOf":{"@id":"https:\/\/chambery-syndic.fr\/#website"},"datePublished":"2025-01-20T16:31:17+00:00","dateModified":"2025-01-28T14:56:33+00:00","breadcrumb":{"@id":"https:\/\/chambery-syndic.fr\/?page_id=36#breadcrumb"},"inLanguage":"fr-FR","potentialAction":[{"@type":"ReadAction","target":["https:\/\/chambery-syndic.fr\/?page_id=36"]}]},{"@type":"BreadcrumbList","@id":"https:\/\/chambery-syndic.fr\/?page_id=36#breadcrumb","itemListElement":[{"@type":"ListItem","position":1,"name":"Accueil","item":"https:\/\/chambery-syndic.fr\/"},{"@type":"ListItem","position":2,"name":"Espace copropri\u00e9taire"}]},{"@type":"WebSite","@id":"https:\/\/chambery-syndic.fr\/#website","url":"https:\/\/chambery-syndic.fr\/","name":"Chambery Syndic","description":"Chamb\u00e9ry Syndic, proche de vous","publisher":{"@id":"https:\/\/chambery-syndic.fr\/#organization"},"potentialAction":[{"@type":"SearchAction","target":{"@type":"EntryPoint","urlTemplate":"https:\/\/chambery-syndic.fr\/?s={search_term_string}"},"query-input":{"@type":"PropertyValueSpecification","valueRequired":true,"valueName":"search_term_string"}}],"inLanguage":"fr-FR"},{"@type":"Organization","@id":"https:\/\/chambery-syndic.fr\/#organization","name":"E&E Immo","url":"https:\/\/chambery-syndic.fr\/","logo":{"@type":"ImageObject","inLanguage":"fr-FR","@id":"https:\/\/chambery-syndic.fr\/#\/schema\/logo\/image\/","url":"https:\/\/chambery-syndic.fr\/wp-content\/uploads\/2025\/01\/cropped-cropped-Chambery-Syndic-Logo.png","contentUrl":"https:\/\/chambery-syndic.fr\/wp-content\/uploads\/2025\/01\/cropped-cropped-Chambery-Syndic-Logo.png","width":420,"height":160,"caption":"E&E Immo"},"image":{"@id":"https:\/\/chambery-syndic.fr\/#\/schema\/logo\/image\/"}}]}},"_links":{"self":[{"href":"https:\/\/chambery-syndic.fr\/index.php?rest_route=\/wp\/v2\/pages\/36","targetHints":{"allow":["GET"]}}],"collection":[{"href":"https:\/\/chambery-syndic.fr\/index.php?rest_route=\/wp\/v2\/pages"}],"about":[{"href":"https:\/\/chambery-syndic.fr\/index.php?rest_route=\/wp\/v2\/types\/page"}],"author":[{"embeddable":true,"href":"https:\/\/chambery-syndic.fr\/index.php?rest_route=\/wp\/v2\/users\/1"}],"replies":[{"embeddable":true,"href":"https:\/\/chambery-syndic.fr\/index.php?rest_route=%2Fwp%2Fv2%2Fcomments&post=36"}],"version-history":[{"count":14,"href":"https:\/\/chambery-syndic.fr\/index.php?rest_route=\/wp\/v2\/pages\/36\/revisions"}],"predecessor-version":[{"id":266,"href":"https:\/\/chambery-syndic.fr\/index.php?rest_route=\/wp\/v2\/pages\/36\/revisions\/266"}],"wp:attachment":[{"href":"https:\/\/chambery-syndic.fr\/index.php?rest_route=%2Fwp%2Fv2%2Fmedia&parent=36"}],"curies":[{"name":"wp","href":"https:\/\/api.w.org\/{rel}","templated":true}]}}